{"id":1621,"date":"2022-12-26T14:44:43","date_gmt":"2022-12-26T11:44:43","guid":{"rendered":"https:\/\/www.gpindeks.com\/soru-cevap\/?page_id=1621"},"modified":"2022-12-26T14:45:20","modified_gmt":"2022-12-26T11:45:20","slug":"hakkimizda","status":"publish","type":"page","link":"https:\/\/www.gpindeks.com\/soru-cevap\/hakkimizda\/","title":{"rendered":"Hakk\u0131m\u0131zda"},"content":{"rendered":"<h1>Gpindeks.com\/soru-cevap Nedir?<\/h1>\n<p>Gpindeks, T\u00fcrkiye&#8217;nin en b\u00fcy\u00fck ev aletleri sorunlar\u0131na cevap bulunabilecek bir platform olma yolunda kurulmu\u015ftur.<\/p>\n<p>Bu platform ev aletleriyle ilgili sorun ya\u015fayan kullan\u0131c\u0131larla bu sorunlar hakk\u0131nda bilgisi olanlar\u0131 bir araya getirerek yard\u0131mla\u015ft\u0131klar\u0131 bir soru cevap sitesidir.<\/p>\n<h2>Gpindeks Ne Zaman Kurulmu\u015ftur?<\/h2>\n<p>Gpindeks 4 Kas\u0131m 2018\u2019 y\u0131l\u0131nda kurulmu\u015ftur.<\/p>\n<p>Ev aletleriyle ilgili sorun ya\u015fayanlarla bu sorunlar\u0131n cevab\u0131n\u0131 bilenlerin birbirlerine sorduklar\u0131 sorular\u0131 cevaplayarak yard\u0131m ald\u0131klar\u0131 bir soru cevap platformudur.<\/p>\n<h2>Gpindeks Nas\u0131l \u00c7al\u0131\u015f\u0131r?<\/h2>\n<p>\u00dcyeler ya da misafirler ya\u015fad\u0131klar\u0131 problemlerle ilgili sorular\u0131 sorup, sorulmu\u015f sorulara g\u00f6r\u00fc\u015f belirterek, topluluk duygusuyla yard\u0131mla\u015fma ve dayan\u0131\u015fma g\u00f6sterirler.<\/p>\n<p>Topluluk \u00fcyeleri sorular\u0131n\u0131 an\u0131nda dilerse anket formunda da sorabildi\u011fi gibi, dilerse d\u00fc\u015f\u00fcncelerini makale tarz\u0131nda aktarma \u015fans\u0131na da sahiptir. \u00dcyeler payla\u015f\u0131mlar\u0131 kar\u015f\u0131l\u0131\u011f\u0131nda puanlar kazanarak seviyelerini y\u00fckseltip \u00e7e\u015fitli kullan\u0131m haklar\u0131na sahip olabilece\u011fi gibi, \u00e7e\u015fitli hediyeler de kazanabilirler.<\/p>\n<h3>Gpindeks&#8217;in Misyonu ve De\u011ferleri Nelerdir?<\/h3>\n<p>\u00dcyelerin kurallar dahilinde birbirlerine fikir ve deneyimlerini aktard\u0131klar\u0131 toplulu\u011fumuzda y\u0131llard\u0131r birbirimizin eksiklerini tamamlamaya yard\u0131mc\u0131 olmaya arac\u0131l\u0131k ediyoruz.<\/p>\n<p>Gpindeks\u2019e \u00fcye olduktan sonra ya da misafir olarak hemen payla\u015f\u0131mlara ba\u015flayabilirsin. Payla\u015f\u0131mlar\u0131n kurallar dahilinde olmamas\u0131 durumunda moderasyon ekibimiz \u00fcyelerden ba\u015flayan moderasyon sistemimiz sayesinde kurals\u0131z payla\u015f\u0131mlar\u0131 yakalayarak uyar\u0131 yapmakta ya da payla\u015f\u0131mlar\u0131 h\u0131zla kald\u0131rmaktad\u0131r.<\/p>\n<h2>Gpindeks\u2019de Ne T\u00fcr \u0130\u00e7erikler \u00dcretilir?<\/h2>\n<p>Ev aletlerine dair her konuda akl\u0131na tak\u0131lan ne varsa an\u0131nda fikir alabilece\u011fin <a href=\"https:\/\/www.gpindeks.com\/soru-cevap\/kategoriler\/\">kategoriler<\/a> ve <a href=\"https:\/\/www.gpindeks.com\/soru-cevap\/etiketler\/\">konu etiketleri<\/a> bulunmaktad\u0131r.<\/p>\n<p>Sorunu sorup\u00a0 yard\u0131m alabilir ya da g\u00f6r\u00fc\u015flerini payla\u015farak di\u011ferlerine yard\u0131m edebilir ya da akl\u0131ndaki yaz\u0131lar\u0131 payla\u015farak makale tarz\u0131nda yay\u0131nlayabilirsin.<\/p>\n<h3>Gpindeks&#8217;de \u0130\u00e7erik Moderasyonu Nas\u0131l Yap\u0131l\u0131r?<\/h3>\n<p>Gpindeks\u2019e \u00fcye olur olmaz hemen payla\u015f\u0131mlara ba\u015flayabilirsin. Payla\u015f\u0131mlar\u0131n\u0131n kurallar dahilinde olmamas\u0131 durumunda moderasyon sistemimiz\u00a0devreye girer.<\/p>\n<p>Moderasyon ekibimiz, \u00fcyelerden ba\u015flayan moderasyon sistemimiz sayesinde, kurals\u0131z payla\u015f\u0131mlar\u0131 yakalayarak uyar\u0131 yapmakta ya da payla\u015f\u0131mlar\u0131 h\u0131zla kald\u0131rmaktad\u0131r.<\/p>\n<h2>Gpindeks Hangi Kullan\u0131c\u0131 Verilerini Toplar, Ki\u015fisel Verileri Nas\u0131l Kullan\u0131r?<\/h2>\n<p>Ki\u015fisel Verilerin \u0130\u015flenmesi Ayd\u0131nlatma Metnine ula\u015fmak i\u00e7in\u00a0<a href=\"https:\/\/www.gpindeks.com\/soru-cevap\/kisisel-verilerin-islenmesi-aydinlatma-metni\/\" target=\"_blank\" rel=\"noopener\">Gpindeks Ki\u015fisel Verilerin \u0130\u015flenmesi Ayd\u0131nlatma Metni<\/a>\u00a0linki ziyaret edebilirsiniz.<\/p>\n<h2>KizlarSoruyor\u2019un Gizlilik Politikas\u0131 Nedir?<\/h2>\n<p>Ki\u015fisel verilerinizin i\u015flenmesi ile veri g\u00fcvenli\u011finin sa\u011flanmas\u0131 konular\u0131nda daha detayl\u0131 bilgiye\u00a0<a href=\"https:\/\/www.kizlarsoruyor.com\/konu\/kisisel-veriler-korunma\" target=\"_blank\" rel=\"noopener\">Gpindeks Gizlilik Politikas\u0131<\/a>\u00a0linkinden ula\u015fabilirsiniz.<\/p>\n<h2>KizlarSoruyor \u0130leti\u015fim Bilgileri Nedir?<\/h2>\n<p><a href=\"https:\/\/www.gpindeks.com\/soru-cevap\/iletisim\/\" target=\"_blank\" rel=\"noopener\">Gpindeks \u0130leti\u015fim<\/a>\u00a0sayfas\u0131n\u0131 ziyaret ederek t\u00fcm ileti\u015fim bilgilerine ula\u015fabilirsiniz.<\/p>\n<p>E-posta: iletisim@gpindeks.com<\/p>\n","protected":false},"excerpt":{"rendered":"<p>Gpindeks.com\/soru-cevap Nedir? Gpindeks, T\u00fcrkiye&#8217;nin en b\u00fcy\u00fck ev aletleri sorunlar\u0131na cevap bulunabilecek bir platform olma yolunda kurulmu\u015ftur. Bu platform ev aletleriyle ilgili sorun ya\u015fayan kullan\u0131c\u0131larla bu sorunlar hakk\u0131nda bilgisi olanlar\u0131 bir araya getirerek yard\u0131mla\u015ft\u0131klar\u0131 bir soru cevap sitesidir. Gpindeks Ne Zaman Kurulmu\u015ftur? Gpindeks 4 Kas\u0131m 2018\u2019 y\u0131l\u0131nda kurulmu\u015ftur. Ev aletleriyle ilgili sorun ya\u015fayanlarla bu sorunlar\u0131n cevab\u0131n\u0131 [&hellip;]<\/p>\n","protected":false},"author":1,"featured_media":0,"parent":0,"menu_order":0,"comment_status":"closed","ping_status":"closed","template":"","meta":{"footnotes":""},"class_list":["post-1621","page","type-page","status-publish","hentry"],"_links":{"self":[{"href":"https:\/\/www.gpindeks.com\/soru-cevap\/wp-json\/wp\/v2\/pages\/1621","targetHints":{"allow":["GET"]}}],"collection":[{"href":"https:\/\/www.gpindeks.com\/soru-cevap\/wp-json\/wp\/v2\/pages"}],"about":[{"href":"https:\/\/www.gpindeks.com\/soru-cevap\/wp-json\/wp\/v2\/types\/page"}],"author":[{"embeddable":true,"href":"https:\/\/www.gpindeks.com\/soru-cevap\/wp-json\/wp\/v2\/users\/1"}],"replies":[{"embeddable":true,"href":"https:\/\/www.gpindeks.com\/soru-cevap\/wp-json\/wp\/v2\/comments?post=1621"}],"version-history":[{"count":0,"href":"https:\/\/www.gpindeks.com\/soru-cevap\/wp-json\/wp\/v2\/pages\/1621\/revisions"}],"wp:attachment":[{"href":"https:\/\/www.gpindeks.com\/soru-cevap\/wp-json\/wp\/v2\/media?parent=1621"}],"curies":[{"name":"wp","href":"https:\/\/api.w.org\/{rel}","templated":true}]}}