{"id":1625,"date":"2022-12-26T14:18:45","date_gmt":"2022-12-26T11:18:45","guid":{"rendered":"https:\/\/www.gpindeks.com\/soru-cevap\/?page_id=1625"},"modified":"2022-12-26T14:23:51","modified_gmt":"2022-12-26T11:23:51","slug":"kisisel-verilerin-islenmesi-aydinlatma-metni","status":"publish","type":"page","link":"https:\/\/www.gpindeks.com\/soru-cevap\/kisisel-verilerin-islenmesi-aydinlatma-metni\/","title":{"rendered":"Ki\u015fisel Verilerin \u0130\u015flenmesi Ayd\u0131nlatma Metni"},"content":{"rendered":"<p>gpindeks.com adresinde kurulu bulunan gpindeks.com\/soru-cevap (K\u0131saca \u201cGpindeks\u201d olarak an\u0131lacakt\u0131r) olarak taraf\u0131m\u0131za ait olan gpindeks.com internet siteleri ve mobil uygulamas\u0131 (Birlikte k\u0131saca \u201cUygulama\u201d olarak an\u0131lacakt\u0131r) \u00fczerinde 6698 say\u0131l\u0131 Ki\u015fisel Verilerin Korunmas\u0131 Kanunu\u2019nda tan\u0131ml\u0131 veri sorumlusu s\u0131fat\u0131yla i\u015fledi\u011fimiz ki\u015fisel verilerinizin g\u00fcvenli\u011fini \u00f6n planda tutuyoruz ve bu nedenle de i\u015fbu Ayd\u0131nlatma Metninde yapaca\u011f\u0131m\u0131z bilgilendirmeler vas\u0131tas\u0131yla size konu \u00e7er\u00e7evesinde ayd\u0131nlatmay\u0131 ama\u00e7l\u0131yoruz:<\/p>\n<p>Ki\u015fisel Verilerinizin \u0130\u015flenme Ama\u00e7lar\u0131<br \/>\nKi\u015fisel verileriniz 6698 say\u0131l\u0131 Ki\u015fisel Verilerin Korunmas\u0131 Kanunu (K\u0131saca \u201cKanun\u201d olarak an\u0131lacakt\u0131r) ve Kanun\u2019a ba\u011fl\u0131 sair ikincil d\u00fczenlemelere ve Kurum kararlar\u0131na uygun olarak a\u015fa\u011f\u0131da belirtilen ama\u00e7lar ve hukuki sebepler \u00e7er\u00e7evesinde i\u015flenmektedir:<\/p>\n<p>\u00dcyelik \u0130\u015flemleri: Ki\u015fisel verileriniz, \u00fcyeli\u011finizin tamamlanmas\u0131 ve y\u00f6netilmesi amac\u0131yla i\u015flenir. Sizlere Uygulamaya ili\u015fkin kullan\u0131mlar\u0131n\u0131za dair iletiler g\u00f6ndermek de bu ama\u00e7 kapsam\u0131ndad\u0131r. \u00dcyelik i\u015flemleri s\u0131ras\u0131nda ki\u015fisel verilerini payla\u015ft\u0131\u011f\u0131n\u0131z -varsa- sair \u00fc\u00e7\u00fcnc\u00fc ki\u015filerin, ki\u015fisel verilerinin sizin taraf\u0131n\u0131zdan Uygulama ile payla\u015f\u0131ld\u0131\u011f\u0131n\u0131n fark\u0131nda olmalar\u0131n\u0131n ve Uygulama\u2019n\u0131n verileri kullan\u0131m bi\u00e7imini kabul etmelerinin sa\u011flanmas\u0131 mutlaka olarak sadece sizin sorumlulu\u011funuzdad\u0131r.<\/p>\n<p>\u00dcye Hesab\u0131 \u0130\u015flemleri: Uygulama\u2019ya \u00fcye olarak \u00fcyelikle ilgili t\u00fcm i\u015flemleri y\u00f6netmeniz m\u00fcmk\u00fcnd\u00fcr. \u00dcye hesab\u0131 olu\u015fturman\u0131z halinde payla\u015ft\u0131\u011f\u0131n\u0131z ki\u015fisel veriler, \u00fcye hesab\u0131n\u0131zdan en iyi \u015fekilde faydalanman\u0131z amac\u0131yla i\u015flenecektir.<\/p>\n<p>\u0130leti\u015fim: Uygulama\u2019ya sa\u011flad\u0131\u011f\u0131n\u0131z ki\u015fisel verileri kullanarak sizinle \u00e7e\u015fitli ama\u00e7larla ileti\u015fime ge\u00e7ebiliriz. Hat\u0131rlatma ve uyar\u0131 iletilerinin g\u00f6nderilmesi ve bize iletmi\u015f oldu\u011funuz mesajlar\u0131n yan\u0131tlanmas\u0131 bunlar\u0131n ba\u015fl\u0131calar\u0131d\u0131r.<\/p>\n<p>Hukuki Y\u00fck\u00fcml\u00fcl\u00fckler: Ki\u015fisel verileriniz Uygulama\u2019n\u0131n tabi oldu\u011fu herhangi bir mevzuat h\u00fckm\u00fcn\u00fcn gerektirmesi halinde i\u015flenebilir, aktar\u0131labilir ve ilgili mevzuatta \u00f6ng\u00f6r\u00fclen ya da ama\u00e7 i\u00e7in gerekli olan s\u00fcre boyunca saklanabilir.<\/p>\n<p>Uyu\u015fmazl\u0131klar\u0131n \u00c7\u00f6z\u00fcm\u00fc: Uygulama ileride ortaya \u00e7\u0131kabilecek uyu\u015fmazl\u0131klarda hukuka uygun i\u015flemler ger\u00e7ekle\u015ftirdi\u011fini ve yasal y\u00fck\u00fcml\u00fcl\u00fcklerini yerine getirdi\u011fini ispatlamak ve uyu\u015fmazl\u0131klar\u0131n \u00e7\u00f6z\u00fcm\u00fcn\u00fc sa\u011flamak amac\u0131yla ki\u015fisel verilerinizi i\u015fleyebilir, ilgili yasal merciler ile payla\u015fabilir.<\/p>\n<p>Hizmetlerin \u0130yile\u015ftirilmesi ve M\u00fc\u015fteri Memnuniyeti: Ki\u015fisel verileriniz Uygulama deneyiminizi iyile\u015ftirmek amac\u0131yla analitik \u00e7al\u0131\u015fmalar\u0131n y\u00fcr\u00fct\u00fclmesi, talep, \u015fik\u00e2yet ve \u00f6nerilerinizin de\u011ferlendirilerek m\u00fc\u015fteri memnuniyetini ve hizmet kalitesini art\u0131rmaya y\u00f6nelik aksiyonlar al\u0131nmas\u0131 ama\u00e7lar\u0131yla i\u015flenmektedir. Ayr\u0131ca soru\/cevap ve benzeri her t\u00fcrden de\u011ferlendirmelerinizin ve yorumlar\u0131n\u0131z\u0131n Uygulama\u2019da yay\u0131nlanmas\u0131 da Uygulama\u2019n\u0131n sair me\u015fru menfaatleri kapsam\u0131nda ger\u00e7ekle\u015ftirilebilmektedir.<\/p>\n<p>Pazarlama\/Reklam: A\u00e7\u0131k r\u0131za vermeniz halinde bilgileriniz \u00e7e\u015fitli reklam ve pazarlama faaliyetleri i\u00e7in kullanabilecektir. Bu kapsamda ki\u015fisel verileriniz, potansiyel m\u00fc\u015fteri kayd\u0131 olu\u015fturmak, kampanya ve f\u0131rsatlardan sizleri haberdar etmek, profilleme, hedefleme ve reklam faaliyetleri y\u00fcr\u00fctmek, ge\u00e7mi\u015f tercihlerinize ve be\u011fenilerinize en uygun teklifleri kar\u015f\u0131n\u0131za \u00e7\u0131karmak, Uygulama \u00fczeri \u00fcye profilinde kay\u0131tl\u0131 tercihlerinize uygun olarak e-b\u00fclten g\u00f6ndermek vb. ama\u00e7lar\u0131yla i\u015flenebilecektir. Ki\u015fisel verileriniz, pazarlama faaliyetlerine onay vermedi\u011finiz ya da onay\u0131n\u0131z\u0131 geri ald\u0131\u011f\u0131n\u0131z durumlarda s\u00f6z konusu ama\u00e7larla i\u015flenmez.<\/p>\n<p>&nbsp;<\/p>\n<p>Ki\u015fisel Verilerinizin \u0130\u015flenmesinin Hukuki Sebepleri<br \/>\nKi\u015fisel verileriniz Kanun\u2019da yer alan hukuki sebeplerden en az birinin varl\u0131\u011f\u0131 halinde Uygulama \u00fczerinde i\u015flenmektedir. Yukar\u0131da belirtilen ki\u015fisel veri i\u015fleme ama\u00e7lar\u0131n\u0131n dayand\u0131\u011f\u0131 hukuki sebepler \u015fu \u015fekildedir:<\/p>\n<p>\u2022 \u00dcyelik i\u015flemleri ve ba\u011fl\u0131 hareketler, Kanun\u2019un 5\/2(c) maddesi h\u00fckm\u00fcnde belirtilen bir s\u00f6zle\u015fmenin kurulmas\u0131 ya da ifas\u0131 hukuki sebebine dayal\u0131 olarak ger\u00e7ekle\u015ftirilmektedir.<br \/>\n\u2022 Hukuki y\u00fck\u00fcml\u00fcl\u00fcklerimizin yerine getirilmesi amac\u0131yla ger\u00e7ekle\u015ftirdi\u011fimiz veri i\u015fleme faaliyetleri, Kanun\u2019un 5\/2 (\u00e7) maddesinde a\u00e7\u0131k\u00e7a belirtilen hukuki sebebe dayan\u0131r.<br \/>\n\u2022 Uyu\u015fmazl\u0131klar\u0131n \u00e7\u00f6z\u00fcm\u00fc i\u00e7in ki\u015fisel verilerin i\u015flendi\u011fi haller, Kanun\u2019daki 5\/2(e) h\u00fckm\u00fcnde belirtilen bir hakk\u0131n tesisi, kullan\u0131lmas\u0131 veya korunmas\u0131 hukuki sebebine dayan\u0131r.<br \/>\n\u2022 Pazarlama ve reklam ama\u00e7l\u0131 faaliyetler, Kanun\u2019un 5\/1 maddesinde belirtilen a\u00e7\u0131k r\u0131za hukuki sebebine dayal\u0131 olarak ger\u00e7ekle\u015ftirilebilir.<br \/>\n\u2022 Hizmetlerin iyile\u015ftirilmesi ve m\u00fc\u015fteri memnuniyeti ile ileti\u015fim ama\u00e7lar\u0131na dayal\u0131 faaliyetler, Kanun\u2019un 5\/2(f) h\u00fckm\u00fcnde d\u00fczenlenen me\u015fru menfaat hukuki sebebine dayal\u0131 olarak y\u00fcr\u00fct\u00fclmektedir.<\/p>\n<p>Ki\u015fisel Verilerin Aktar\u0131lmas\u0131<br \/>\nUygulama \u00fczerinden ger\u00e7ekle\u015ftirdi\u011finiz i\u015flemlerin tamamlanmas\u0131 ve de Gpindeks taraf\u0131ndan sair \u015fekilde de\u011ferlendirilmesi ve de y\u00f6netilmesi amac\u0131yla ki\u015fisel verileriniz ilgili kurum ve kurulu\u015flarla payla\u015f\u0131labilir.<\/p>\n<p>Bunun yan\u0131 s\u0131ra ki\u015fisel verilerinizin Kanun\u2019un 8. ve 9. maddelerinde belirtilen \u015fartlar \u00e7er\u00e7evesinde Uygulama\u2019n\u0131n i\u015f ortaklar\u0131, d\u0131\u015f hizmet al\u0131m\u0131 ger\u00e7ekle\u015ftirdi\u011fi tedarik\u00e7ileri ve yasal y\u00fck\u00fcml\u00fcl\u00fcklerin yerine getirilmesi kapsam\u0131nda talep edilmesi halinde ilgili kamu kurum ve kurulu\u015flar\u0131yla payla\u015f\u0131labilir. Ki\u015fisel verilerinizin pazarlama, profilleme ve reklam faaliyetlerinin y\u00fcr\u00fct\u00fclmesi amac\u0131yla i\u015flenmesine izin vermi\u015f olman\u0131z halinde s\u00f6z konusu faaliyetleri Uygulama ad\u0131na ger\u00e7ekle\u015ftiren \u00e7\u00f6z\u00fcm ortaklar\u0131na da veri aktar\u0131m\u0131 yap\u0131lmas\u0131 m\u00fcmk\u00fcnd\u00fcr. Ki\u015fisel Verilerin Toplanma Y\u00f6ntemleri<\/p>\n<p>Uygulama sizlere sundu\u011fu hizmetler ve yukar\u0131da belirtilen veri i\u015fleme ama\u00e7lar\u0131 kapsam\u0131nda ki\u015fisel verilerinizi elektronik ortamda \u00e7a\u011fr\u0131 merkezi ve e-posta kanallar\u0131yla ve de Uygulama \u00fczerinde yer alan her t\u00fcrden veri geri\u015fi imkan\u0131 olan bo\u015fluklar, yorum kutular\u0131, cevap k\u0131s\u0131mlar\u0131, \u00fcyelik kay\u0131t formlar\u0131 ve sair formlar ya da Uygulama canl\u0131 destek paneli ve de ilgili analiz ara\u00e7lar\u0131 vas\u0131tas\u0131yla toplayabilmektedir. Bunun yan\u0131 s\u0131ra uygulamada kullan\u0131lan \u00e7erezler arac\u0131l\u0131\u011f\u0131yla da ki\u015fisel verileriniz elde edilmektedir.<\/p>\n<p>\u00c7erezlere ili\u015fkin detayl\u0131 bilgi i\u00e7in de \u00c7erezler ve \u00c7erez Kullan\u0131m\u0131 \u0130zinleri Hakk\u0131nda Bildirim\u2019i okuyabilirsiniz.<\/p>\n<p>&nbsp;<\/p>\n<p>Veri Sahibi Olarak Haklar\u0131n\u0131z<br \/>\n&#8211; Veri sahibi olarak Gpindeks\u2019a iletisim@gpindeks.com e-posta adresi ya da resmi \u015firket adresi \u00fczerinden ba\u015fvurarak;<br \/>\n&#8211; Ki\u015fisel verilerinizin i\u015flenip i\u015flenmedi\u011fini \u00f6\u011frenme,<br \/>\n&#8211; Ki\u015fisel verileriniz i\u015flenmi\u015fse buna ili\u015fkin bilgi talep etme,<br \/>\n&#8211; Ki\u015fisel verilerinizin i\u015flenme amac\u0131n\u0131 ve bunlar\u0131n amac\u0131na uygun kullan\u0131l\u0131p kullan\u0131lmad\u0131\u011f\u0131n\u0131 \u00f6\u011frenme,<br \/>\n&#8211; Yurt i\u00e7inde veya yurt d\u0131\u015f\u0131nda ki\u015fisel verilerinizin aktar\u0131ld\u0131\u011f\u0131 \u00fc\u00e7\u00fcnc\u00fc ki\u015fileri bilme,<br \/>\n&#8211; Ki\u015fisel verilerinizin eksik veya yanl\u0131\u015f i\u015flenmi\u015f olmas\u0131 h\u00e2linde bunlar\u0131n d\u00fczeltilmesini isteme ve bu kapsamda yap\u0131lan i\u015flemlerin ki\u015fisel verilerinizin aktar\u0131ld\u0131\u011f\u0131 \u00fc\u00e7\u00fcnc\u00fc ki\u015filere bildirilmesini isteme,<br \/>\n&#8211; 6698 say\u0131l\u0131 Kanun ve ilgili di\u011fer kanun h\u00fck\u00fcmlerine uygun olarak i\u015flenmi\u015f olmas\u0131na ra\u011fmen, i\u015flenmesini gerektiren sebeplerin ortadan kalkmas\u0131 h\u00e2linde ki\u015fisel verilerinizin silinmesini veya yok edilmesini isteme ve bu kapsamda yap\u0131lan i\u015flemlerin ki\u015fisel verilerinizin aktar\u0131ld\u0131\u011f\u0131 \u00fc\u00e7\u00fcnc\u00fc ki\u015filere bildirilmesini isteme,<br \/>\n&#8211; \u0130\u015flenen verilerinizin m\u00fcnhas\u0131ran otomatik sistemler vas\u0131tas\u0131yla analiz edilmesi suretiyle aleyhinize bir sonucun ortaya \u00e7\u0131kmas\u0131na itiraz etme,<br \/>\n&#8211; Ki\u015fisel verilerinizin kanuna ayk\u0131r\u0131 olarak i\u015flenmesi sebebiyle zarara u\u011framan\u0131z h\u00e2linde zarar\u0131n giderilmesini talep etme haklar\u0131na sahipsiniz.<br \/>\n&#8211; Yukar\u0131da say\u0131lan haklar\u0131n\u0131za ili\u015fkin taleplerinizi Veri Sorumlusuna Ba\u015fvuru Usul ve Esaslar\u0131 Hakk\u0131nda Tebli\u011f\u2019de \u00f6ng\u00f6r\u00fclen ba\u015fvuru usullerine uygun olarak Uygulama\u2019ya iletmeniz durumunda talebiniz niteli\u011fine g\u00f6re en k\u0131sa s\u00fcrede ve en ge\u00e7 30 (otuz) g\u00fcn i\u00e7inde \u00fccretsiz olarak sonu\u00e7land\u0131racakt\u0131r. Ancak, i\u015flemin ayr\u0131ca bir maliyeti gerektirmesi h\u00e2linde, Uygulama Ki\u015fisel Verileri Koruma Kurulu\u2019nca belirlenen ilgili tarifedeki \u00fccret talep edilebilir.<br \/>\n&#8211; Ki\u015fisel verilerinizin i\u015flenmesi ile veri g\u00fcvenli\u011finin sa\u011flanmas\u0131 konular\u0131nda daha detayl\u0131 bilgiye Gpindeks\u2019un <a href=\"https:\/\/www.gpindeks.com\/soru-cevap\/kisisel-verilerin-islenmesi-ve-korunmasi-politikasi\/\">Ki\u015fisel Verilerin \u0130\u015flenmesi ve Korunmas\u0131 Politikas\u0131<\/a>\u2019ndan ula\u015fabilirsiniz.<\/p>\n","protected":false},"excerpt":{"rendered":"<p>gpindeks.com adresinde kurulu bulunan gpindeks.com\/soru-cevap (K\u0131saca \u201cGpindeks\u201d olarak an\u0131lacakt\u0131r) olarak taraf\u0131m\u0131za ait olan gpindeks.com internet siteleri ve mobil uygulamas\u0131 (Birlikte k\u0131saca \u201cUygulama\u201d olarak an\u0131lacakt\u0131r) \u00fczerinde 6698 say\u0131l\u0131 Ki\u015fisel Verilerin Korunmas\u0131 Kanunu\u2019nda tan\u0131ml\u0131 veri sorumlusu s\u0131fat\u0131yla i\u015fledi\u011fimiz ki\u015fisel verilerinizin g\u00fcvenli\u011fini \u00f6n planda tutuyoruz ve bu nedenle de i\u015fbu Ayd\u0131nlatma Metninde yapaca\u011f\u0131m\u0131z bilgilendirmeler vas\u0131tas\u0131yla size konu \u00e7er\u00e7evesinde [&hellip;]<\/p>\n","protected":false},"author":1,"featured_media":0,"parent":0,"menu_order":0,"comment_status":"closed","ping_status":"closed","template":"","meta":{"footnotes":""},"class_list":["post-1625","page","type-page","status-publish","hentry"],"_links":{"self":[{"href":"https:\/\/www.gpindeks.com\/soru-cevap\/wp-json\/wp\/v2\/pages\/1625","targetHints":{"allow":["GET"]}}],"collection":[{"href":"https:\/\/www.gpindeks.com\/soru-cevap\/wp-json\/wp\/v2\/pages"}],"about":[{"href":"https:\/\/www.gpindeks.com\/soru-cevap\/wp-json\/wp\/v2\/types\/page"}],"author":[{"embeddable":true,"href":"https:\/\/www.gpindeks.com\/soru-cevap\/wp-json\/wp\/v2\/users\/1"}],"replies":[{"embeddable":true,"href":"https:\/\/www.gpindeks.com\/soru-cevap\/wp-json\/wp\/v2\/comments?post=1625"}],"version-history":[{"count":0,"href":"https:\/\/www.gpindeks.com\/soru-cevap\/wp-json\/wp\/v2\/pages\/1625\/revisions"}],"wp:attachment":[{"href":"https:\/\/www.gpindeks.com\/soru-cevap\/wp-json\/wp\/v2\/media?parent=1625"}],"curies":[{"name":"wp","href":"https:\/\/api.w.org\/{rel}","templated":true}]}}