{"id":1638,"date":"2022-12-26T14:58:32","date_gmt":"2022-12-26T11:58:32","guid":{"rendered":"https:\/\/www.gpindeks.com\/soru-cevap\/?page_id=1638"},"modified":"2022-12-26T14:58:54","modified_gmt":"2022-12-26T11:58:54","slug":"gpindeks-yayin-ilkeleri","status":"publish","type":"page","link":"https:\/\/www.gpindeks.com\/soru-cevap\/gpindeks-yayin-ilkeleri\/","title":{"rendered":"Gpindeks Yay\u0131n \u0130lkeleri"},"content":{"rendered":"<div class=\"art-wrapper\">\n<p><strong>Gpindeks.com<\/strong>, ev kullan\u0131c\u0131lar\u0131n\u0131n ev aletlerine dair her konuda birbirlerine yard\u0131m etmek ve fikir al\u0131\u015fveri\u015finde bulunmak i\u00e7in bir araya geldi\u011fi; bir\u00e7ok farkl\u0131 konuda <strong>soru, anket, i\u00e7erik ve haber sunan bir topluluk platformudur<\/strong>.<\/p>\n<p>\u0130\u00e7eriklerimizin tamam\u0131 kullan\u0131c\u0131lar\u0131m\u0131z taraf\u0131ndan olu\u015fturulmakta ve yay\u0131nlanmakta olup, yay\u0131n ilkelerimize ve site s\u00f6zle\u015fmemize uygun olmayan, ger\u00e7ekli\u011fi \u015f\u00fcpheli, belirli bir z\u00fcmreyi ya da ki\u015fiyi hedef g\u00f6steren, yasalara uygunluk te\u015fkil etmeyen kullan\u0131c\u0131 payla\u015f\u0131mlar\u0131na en k\u0131sa s\u00fcrede m\u00fcdahale edilmektedir. Benimsedi\u011fimiz yay\u0131n ilkeleri gere\u011fi,\u00a0<strong>her g\u00f6r\u00fc\u015fe e\u015fit mesafede durmak<\/strong>\u00a0en b\u00fcy\u00fck prensibimizdir.<\/p>\n<h3>Ger\u00e7eklik \u0130lkemiz<\/h3>\n<p>Sitemizde yer alan haber ve i\u00e7eriklerin tamam\u0131 kullan\u0131c\u0131lar\u0131m\u0131z taraf\u0131ndan olu\u015fturulmakta ve yay\u0131nlanmakta olup toplulu\u011fu yanl\u0131\u015f y\u00f6nlendiren ve\/veya eksik bilgi i\u00e7eren \u015f\u00fcpheli i\u00e7erikler taraf\u0131m\u0131zca tespit edildi\u011finde d\u00fczenlenir veya kald\u0131r\u0131l\u0131r. Do\u011frulu\u011fu ve tarafs\u0131zl\u0131\u011f\u0131 konusunda \u015f\u00fcphe duydu\u011fumuz hi\u00e7bir i\u00e7eri\u011fin ana sayfam\u0131zda yer almamas\u0131 prensibimizdir.<\/p>\n<\/div>\n<div class=\"art-wrapper\">\n<h3>\u00dcyelik ve Payla\u015f\u0131m \u0130lkelerimiz<\/h3>\n<ul class=\"art\">\n<li>Yay\u0131n prensiplerimiz gere\u011fi, her ya\u015fta ev aletleri kullanan kullan\u0131c\u0131lar\u0131m\u0131z sitemize \u00fcye olabilir ya da misafir kullan\u0131c\u0131 olarak payla\u015f\u0131mda bulunabiir.<\/li>\n<li>Yasalar kar\u015f\u0131s\u0131nda su\u00e7 te\u015fkil eden, su\u00e7a \u00f6zendiren, ki\u015filik haklar\u0131n\u0131 ihlal eden ve\/veya yay\u0131nlanmas\u0131 halinde infial yarataca\u011f\u0131n\u0131 bildi\u011fimiz i\u00e7eriklere m\u00fcdahale edilir ve tespiti halinde site s\u00f6zle\u015fmemize uygun \u015fekilde hareket edilir.<\/li>\n<li>Ba\u015fka kaynaklardan al\u0131nd\u0131\u011f\u0131 veya derlendi\u011finden emin oldu\u011fumuz kullan\u0131c\u0131 haber ve i\u00e7eriklerini, kaynak g\u00f6stermediyse \u00f6ne \u00e7\u0131karmay\u0131z.<\/li>\n<li>Su\u00e7 oldu\u011fu yetkili makamlarca tasdiklenmedik\u00e7e kimseyi \u201csu\u00e7lu\u201d ilan edilmesine izin vermeyiz.<\/li>\n<li>Kullan\u0131c\u0131lar\u0131m\u0131z taraf\u0131ndan olu\u015fturulan i\u00e7eriklerde hi\u00e7 kimsenin; dini, \u0131rk\u0131, cinsiyeti, siyasi g\u00f6r\u00fc\u015f\u00fc, sosyal stat\u00fcs\u00fc, cinsel y\u00f6nelimi ve inan\u00e7lar\u0131 konusunda hedef al\u0131nmas\u0131na ve a\u015fa\u011f\u0131lanmas\u0131na izin vermeyiz.<\/li>\n<li>\u00d6zel hayat\u0131n gizlili\u011fini ihlal eden her t\u00fcrl\u00fc kullan\u0131c\u0131 i\u00e7eri\u011finin tespiti i\u00e7in \u00f6zenle \u00e7al\u0131\u015f\u0131r, tespiti halinde site s\u00f6zle\u015fmemize uygun \u015fekilde hareket ederiz.<\/li>\n<li>\u015eiddeti ve zorbal\u0131\u011f\u0131 \u00f6zendirici i\u00e7eriklerin kullan\u0131c\u0131lar\u0131m\u0131z taraf\u0131ndan yay\u0131nlanmas\u0131n\u0131 \u00f6nlemek i\u00e7in gerekli hassasiyeti g\u00f6steririz.<\/li>\n<li>Ger\u00e7ek ki\u015fileri veya kurumlar\u0131 hedef alan, a\u015fa\u011f\u0131layan, iftira niteli\u011fi ta\u015f\u0131yan i\u00e7eriklere izin vermeyiz.<\/li>\n<li>Yetkili makam ve mercilerden gelen talepleri y\u00fcr\u00fcrl\u00fckteki mevzuat \u00e7er\u00e7evesinde kar\u015f\u0131lar, hukuka ve site s\u00f6zle\u015fmemize uygunlu\u011funa g\u00f6re gerekli i\u015flemleri uygular\u0131z.<\/li>\n<li>Ki\u015fisel verilerinizin hukuka ayk\u0131r\u0131 i\u015flenmesi ihtimali olu\u015fturabilecek her t\u00fcrl\u00fc kullan\u0131c\u0131 i\u00e7eri\u011finin tespiti i\u00e7in \u00f6zenle \u00e7al\u0131\u015f\u0131r, tespiti halinde site s\u00f6zle\u015fmemize uygun \u015fekilde hareket ederiz.<\/li>\n<\/ul>\n<\/div>\n<div class=\"art-wrapper\">\n<h3>Tarafs\u0131zl\u0131k \u0130lkelerimiz<\/h3>\n<ul class=\"art\">\n<li>Kullan\u0131c\u0131 i\u00e7eriklerinin yay\u0131nlanmas\u0131nda tarafs\u0131zl\u0131k ilkesine ba\u011fl\u0131 kal\u0131p, kanaatlerin \u00f6zg\u00fcrce olu\u015fumunun engellenmemesini hedefleriz. Kullan\u0131c\u0131lar\u0131m\u0131z\u0131n olu\u015fturdu\u011fu i\u00e7eriklerin bu ilkeye ters d\u00fc\u015fmesi halinde, i\u00e7erikleri d\u00fczenlemek konusunda gerekli hassasiyeti g\u00f6steririz.<\/li>\n<li>Hi\u00e7bir dini, siyasi veya toplumsal g\u00f6r\u00fc\u015fe daha yak\u0131n durmaz, ki\u015fisel g\u00f6r\u00fc\u015f ve d\u00fc\u015f\u00fcncelerimizi kullan\u0131c\u0131 i\u00e7eriklerimizin incelenme s\u00fcrecinden ayr\u0131 tutar\u0131z.<\/li>\n<li>Pek \u00e7ok farkl\u0131 g\u00f6r\u00fc\u015fe kucak a\u00e7an, \u00e7ok y\u00f6nl\u00fc bak\u0131\u015f a\u00e7\u0131s\u0131na sahip ve objektif i\u00e7eriklerin \u00fcretilmesini destekler; kullan\u0131c\u0131lar\u0131m\u0131zdan her t\u00fcr fikre sayg\u0131l\u0131 olmalar\u0131n\u0131 bekleriz.<\/li>\n<\/ul>\n<\/div>\n<div class=\"art-wrapper\">\n<p>Gpindeks topluluk kurallar\u0131 ve site kullan\u0131m\u0131 hakk\u0131nda daha fazla yard\u0131m almak i\u00e7in <a class=\"pbl\" href=\"http:\/\/www.gpindeks.com\/soru-cevap\/yardim\" target=\"_blank\" rel=\"noopener\">GP Yard\u0131m<\/a>\u00a0sayfas\u0131n\u0131 kullanabilirsin.<\/p>\n<\/div>\n","protected":false},"excerpt":{"rendered":"<p>Gpindeks.com, ev kullan\u0131c\u0131lar\u0131n\u0131n ev aletlerine dair her konuda birbirlerine yard\u0131m etmek ve fikir al\u0131\u015fveri\u015finde bulunmak i\u00e7in bir araya geldi\u011fi; bir\u00e7ok farkl\u0131 konuda soru, anket, i\u00e7erik ve haber sunan bir topluluk platformudur. \u0130\u00e7eriklerimizin tamam\u0131 kullan\u0131c\u0131lar\u0131m\u0131z taraf\u0131ndan olu\u015fturulmakta ve yay\u0131nlanmakta olup, yay\u0131n ilkelerimize ve site s\u00f6zle\u015fmemize uygun olmayan, ger\u00e7ekli\u011fi \u015f\u00fcpheli, belirli bir z\u00fcmreyi ya da ki\u015fiyi hedef [&hellip;]<\/p>\n","protected":false},"author":1,"featured_media":0,"parent":0,"menu_order":0,"comment_status":"closed","ping_status":"closed","template":"","meta":{"footnotes":""},"class_list":["post-1638","page","type-page","status-publish","hentry"],"_links":{"self":[{"href":"https:\/\/www.gpindeks.com\/soru-cevap\/wp-json\/wp\/v2\/pages\/1638","targetHints":{"allow":["GET"]}}],"collection":[{"href":"https:\/\/www.gpindeks.com\/soru-cevap\/wp-json\/wp\/v2\/pages"}],"about":[{"href":"https:\/\/www.gpindeks.com\/soru-cevap\/wp-json\/wp\/v2\/types\/page"}],"author":[{"embeddable":true,"href":"https:\/\/www.gpindeks.com\/soru-cevap\/wp-json\/wp\/v2\/users\/1"}],"replies":[{"embeddable":true,"href":"https:\/\/www.gpindeks.com\/soru-cevap\/wp-json\/wp\/v2\/comments?post=1638"}],"version-history":[{"count":0,"href":"https:\/\/www.gpindeks.com\/soru-cevap\/wp-json\/wp\/v2\/pages\/1638\/revisions"}],"wp:attachment":[{"href":"https:\/\/www.gpindeks.com\/soru-cevap\/wp-json\/wp\/v2\/media?parent=1638"}],"curies":[{"name":"wp","href":"https:\/\/api.w.org\/{rel}","templated":true}]}}